{"id":43,"date":"2019-01-11T06:14:08","date_gmt":"2019-01-11T06:14:08","guid":{"rendered":"http:\/\/localhost\/panel\/xpeedstudio\/wp\/automobil\/?page_id=43"},"modified":"2022-05-16T10:51:38","modified_gmt":"2022-05-16T10:51:38","slug":"chi-siamo","status":"publish","type":"page","link":"https:\/\/patentediguidavendesi.com\/hr\/chi-siamo\/","title":{"rendered":"O nama"},"content":{"rendered":"<div data-elementor-type=\"wp-post\" data-elementor-id=\"43\" class=\"elementor elementor-43\" data-elementor-settings=\"[]\">\n\t\t\t\t\t\t<div class=\"elementor-inner\">\n\t\t\t\t\t\t\t<div class=\"elementor-section-wrap\">\n\t\t\t\t\t\t\t<section class=\"elementor-section elementor-top-section elementor-element elementor-element-08a0e01 elementor-section-boxed elementor-section-height-default elementor-section-height-default\" data-id=\"08a0e01\" data-element_type=\"section\">\n\t\t\t\t\t\t<div class=\"elementor-container elementor-column-gap-default\">\n\t\t\t\t\t\t\t<div class=\"elementor-row\">\n\t\t\t\t\t<div class=\"elementor-column elementor-col-100 elementor-top-column elementor-element elementor-element-16645af\" data-id=\"16645af\" data-element_type=\"column\" data-settings=\"{&quot;background_background&quot;:&quot;classic&quot;}\">\n\t\t\t<div class=\"elementor-column-wrap elementor-element-populated\">\n\t\t\t\t\t\t\t<div class=\"elementor-widget-wrap\">\n\t\t\t\t\t\t<section class=\"elementor-section elementor-inner-section elementor-element elementor-element-49a71ab elementor-section-boxed elementor-section-height-default elementor-section-height-default\" data-id=\"49a71ab\" data-element_type=\"section\">\n\t\t\t\t\t\t<div class=\"elementor-container elementor-column-gap-default\">\n\t\t\t\t\t\t\t<div class=\"elementor-row\">\n\t\t\t\t\t<div class=\"elementor-column elementor-col-50 elementor-inner-column elementor-element elementor-element-65c9d07 skew-shap\" data-id=\"65c9d07\" data-element_type=\"column\">\n\t\t\t<div class=\"elementor-column-wrap elementor-element-populated\">\n\t\t\t\t\t\t\t<div class=\"elementor-widget-wrap\">\n\t\t\t\t\t\t<div class=\"elementor-element elementor-element-2cbb54d elementor-hidden-tablet elementor-hidden-phone elementor-widget elementor-widget-image\" data-id=\"2cbb54d\" data-element_type=\"widget\" data-widget_type=\"image.default\">\n\t\t\t\t<div class=\"elementor-widget-container\">\n\t\t\t\t\t\t\t\t<div class=\"elementor-image\">\n\t\t\t\t\t\t\t\t\t\t\t\t<img width=\"635\" height=\"375\" src=\"https:\/\/patentediguidavendesi.com\/wp-content\/uploads\/2021\/10\/about-us.jpg\" class=\"attachment-large size-large\" alt=\"about-us\" loading=\"lazy\" srcset=\"https:\/\/patentediguidavendesi.com\/wp-content\/uploads\/2021\/10\/about-us.jpg 635w, https:\/\/patentediguidavendesi.com\/wp-content\/uploads\/2021\/10\/about-us-300x177.jpg 300w\" sizes=\"(max-width: 635px) 100vw, 635px\" \/>\t\t\t\t\t\t\t\t\t\t\t\t\t\t<\/div>\n\t\t\t\t\t\t<\/div>\n\t\t\t\t<\/div>\n\t\t\t\t\t\t<\/div>\n\t\t\t\t\t<\/div>\n\t\t<\/div>\n\t\t\t\t<div class=\"elementor-column elementor-col-50 elementor-inner-column elementor-element elementor-element-2275c61\" data-id=\"2275c61\" data-element_type=\"column\">\n\t\t\t<div class=\"elementor-column-wrap elementor-element-populated\">\n\t\t\t\t\t\t\t<div class=\"elementor-widget-wrap\">\n\t\t\t\t\t\t<div class=\"elementor-element elementor-element-bd10e4d elementor-view-stacked elementor-shape-square elementor-widget elementor-widget-icon\" data-id=\"bd10e4d\" data-element_type=\"widget\" data-widget_type=\"icon.default\">\n\t\t\t\t<div class=\"elementor-widget-container\">\n\t\t\t\t\t<div class=\"elementor-icon-wrapper\">\n\t\t\t<div class=\"elementor-icon\">\n\t\t\t<i aria-hidden=\"true\" class=\"fasicon icon-repair\"><\/i>\t\t\t<\/div>\n\t\t<\/div>\n\t\t\t\t<\/div>\n\t\t\t\t<\/div>\n\t\t\t\t<div class=\"elementor-element elementor-element-34820fa elementor-widget elementor-widget-autrics-title\" data-id=\"34820fa\" data-element_type=\"widget\" data-widget_type=\"autrics-title.default\">\n\t\t\t\t<div class=\"elementor-widget-container\">\n\t\t\t               <div class=\"title-section-area title-border-none\">\n            <h3 class=\"section-title\"> \n               10 godina iskustva            <\/h3>\n         <\/div><!-- Section title -->\t\t\n     \n      \n    \t\t<\/div>\n\t\t\t\t<\/div>\n\t\t\t\t<div class=\"elementor-element elementor-element-b5c3d5e elementor-widget elementor-widget-text-editor\" data-id=\"b5c3d5e\" data-element_type=\"widget\" data-widget_type=\"text-editor.default\">\n\t\t\t\t<div class=\"elementor-widget-container\">\n\t\t\t\t\t\t\t\t<div class=\"elementor-text-editor elementor-clearfix\">\n\t\t\t\t<p>Sve usluge koje se ovdje nude su visoke kvalitete i provode se bez zanemarivanja niti jednog detalja. S vi\u0161e desetlje\u0107a iskustva, svladali smo ova podru\u010dja. Pomogli smo preko 100 klijenata i jo\u0161 uvijek brojimo. Koristimo napredne alate i tehnologije za oblikovanje bilo kojeg dokumenta zajedno s visokokvalitetnim papirom, tintom, pe\u010datima i drugim materijalima.<\/p>\t\t\t\t\t<\/div>\n\t\t\t\t\t\t<\/div>\n\t\t\t\t<\/div>\n\t\t\t\t\t\t<\/div>\n\t\t\t\t\t<\/div>\n\t\t<\/div>\n\t\t\t\t\t\t\t\t<\/div>\n\t\t\t\t\t<\/div>\n\t\t<\/section>\n\t\t\t\t\t\t<\/div>\n\t\t\t\t\t<\/div>\n\t\t<\/div>\n\t\t\t\t\t\t\t\t<\/div>\n\t\t\t\t\t<\/div>\n\t\t<\/section>\n\t\t\t\t<section class=\"elementor-section elementor-top-section elementor-element elementor-element-204d12a elementor-section-boxed elementor-section-height-default elementor-section-height-default\" data-id=\"204d12a\" data-element_type=\"section\">\n\t\t\t\t\t\t<div class=\"elementor-container elementor-column-gap-default\">\n\t\t\t\t\t\t\t<div class=\"elementor-row\">\n\t\t\t\t\t<div class=\"elementor-column elementor-col-100 elementor-top-column elementor-element elementor-element-5124d68\" data-id=\"5124d68\" data-element_type=\"column\">\n\t\t\t<div class=\"elementor-column-wrap elementor-element-populated\">\n\t\t\t\t\t\t\t<div class=\"elementor-widget-wrap\">\n\t\t\t\t\t\t<div class=\"elementor-element elementor-element-e9b92d3 elementor-widget elementor-widget-text-editor\" data-id=\"e9b92d3\" data-element_type=\"widget\" data-widget_type=\"text-editor.default\">\n\t\t\t\t<div class=\"elementor-widget-container\">\n\t\t\t\t\t\t\t\t<div class=\"elementor-text-editor elementor-clearfix\">\n\t\t\t\t<p>Na\u0161a agencija uvijek nastoji do\u0107i do svake osobe koja ima potrebu u vezi s na\u0161im uslugama. Sve potrebe i zahtjeve na\u0161ih klijenata ispunjavamo u kratkom roku bez ijednog odga\u0111anja. Nikada nemamo skrivene politike i uvijek odr\u017eavamo kristalno jasan odnos s na\u0161im klijentima. Nikada ne ostavljamo niti jedan aspekt u ispunjavanju bilo kojeg zahtjeva na\u0161ih kupaca.<\/p>\t\t\t\t\t<\/div>\n\t\t\t\t\t\t<\/div>\n\t\t\t\t<\/div>\n\t\t\t\t\t\t<\/div>\n\t\t\t\t\t<\/div>\n\t\t<\/div>\n\t\t\t\t\t\t\t\t<\/div>\n\t\t\t\t\t<\/div>\n\t\t<\/section>\n\t\t\t\t<section class=\"elementor-section elementor-top-section elementor-element elementor-element-87f7a6a elementor-section-boxed elementor-section-height-default elementor-section-height-default\" data-id=\"87f7a6a\" data-element_type=\"section\">\n\t\t\t\t\t\t<div class=\"elementor-container elementor-column-gap-default\">\n\t\t\t\t\t\t\t<div class=\"elementor-row\">\n\t\t\t\t\t<div class=\"elementor-column elementor-col-100 elementor-top-column elementor-element elementor-element-ff9d335\" data-id=\"ff9d335\" data-element_type=\"column\">\n\t\t\t<div class=\"elementor-column-wrap elementor-element-populated\">\n\t\t\t\t\t\t\t<div class=\"elementor-widget-wrap\">\n\t\t\t\t\t\t<div class=\"elementor-element elementor-element-52858e5 elementor-widget elementor-widget-heading\" data-id=\"52858e5\" data-element_type=\"widget\" data-widget_type=\"heading.default\">\n\t\t\t\t<div class=\"elementor-widget-container\">\n\t\t\t<h2 class=\"elementor-heading-title elementor-size-default\">Kako dobiti hrvatske voza\u010dke dozvole\n<\/h2>\t\t<\/div>\n\t\t\t\t<\/div>\n\t\t\t\t\t\t<\/div>\n\t\t\t\t\t<\/div>\n\t\t<\/div>\n\t\t\t\t\t\t\t\t<\/div>\n\t\t\t\t\t<\/div>\n\t\t<\/section>\n\t\t\t\t<section class=\"elementor-section elementor-top-section elementor-element elementor-element-a599e5e elementor-section-boxed elementor-section-height-default elementor-section-height-default\" data-id=\"a599e5e\" data-element_type=\"section\">\n\t\t\t\t\t\t<div class=\"elementor-container elementor-column-gap-default\">\n\t\t\t\t\t\t\t<div class=\"elementor-row\">\n\t\t\t\t\t<div class=\"elementor-column elementor-col-50 elementor-top-column elementor-element elementor-element-393f5b5\" data-id=\"393f5b5\" data-element_type=\"column\">\n\t\t\t<div class=\"elementor-column-wrap elementor-element-populated\">\n\t\t\t\t\t\t\t<div class=\"elementor-widget-wrap\">\n\t\t\t\t\t\t<div class=\"elementor-element elementor-element-3b876f6 elementor-widget elementor-widget-text-editor\" data-id=\"3b876f6\" data-element_type=\"widget\" data-widget_type=\"text-editor.default\">\n\t\t\t\t<div class=\"elementor-widget-container\">\n\t\t\t\t\t\t\t\t<div class=\"elementor-text-editor elementor-clearfix\">\n\t\t\t\t<h3>Kupite pravu hrvatsku voza\u010dku dozvolu.<\/h3><p>Sve usluge koje se ovdje nude su visoke kvalitete i provode se bez zanemarivanja niti jednog detalja. S vi\u0161e desetlje\u0107a iskustva, svladali smo ova podru\u010dja. Pomogli smo preko 100 klijenata i jo\u0161 uvijek brojimo. Koristimo napredne alate i tehnologije za oblikovanje bilo kojeg dokumenta zajedno s visokokvalitetnim papirom, tintom, pe\u010datima i drugim materijalima. Registrirana voza\u010dka dozvola. Kupite pravu talijansku voza\u010dku dozvolu, kupite registriranu voza\u010dku dozvolu online, kupite voza\u010dku dozvolu online, kupite autenti\u010dnu voza\u010dku dozvolu online, proizvodimo i prodajemo voza\u010dku dozvolu, kako dobiti registriranu voza\u010dku dozvolu u Hrvatskoj, kupiti originalnu voza\u010dku dozvolu u Hrvatskoj,<\/p>\t\t\t\t\t<\/div>\n\t\t\t\t\t\t<\/div>\n\t\t\t\t<\/div>\n\t\t\t\t\t\t<\/div>\n\t\t\t\t\t<\/div>\n\t\t<\/div>\n\t\t\t\t<div class=\"elementor-column elementor-col-50 elementor-top-column elementor-element elementor-element-b6d21c5\" data-id=\"b6d21c5\" data-element_type=\"column\">\n\t\t\t<div class=\"elementor-column-wrap elementor-element-populated\">\n\t\t\t\t\t\t\t<div class=\"elementor-widget-wrap\">\n\t\t\t\t\t\t<div class=\"elementor-element elementor-element-3ba53d6 elementor-widget elementor-widget-image\" data-id=\"3ba53d6\" data-element_type=\"widget\" data-widget_type=\"image.default\">\n\t\t\t\t<div class=\"elementor-widget-container\">\n\t\t\t\t\t\t\t\t<div class=\"elementor-image\">\n\t\t\t\t\t\t\t\t\t\t\t\t<img width=\"768\" height=\"482\" src=\"https:\/\/patentediguidavendesi.com\/wp-content\/uploads\/2021\/10\/nnbbm.jpg\" class=\"attachment-large size-large\" alt=\"nnbbm\" loading=\"lazy\" srcset=\"https:\/\/patentediguidavendesi.com\/wp-content\/uploads\/2021\/10\/nnbbm.jpg 768w, https:\/\/patentediguidavendesi.com\/wp-content\/uploads\/2021\/10\/nnbbm-300x188.jpg 300w\" sizes=\"(max-width: 768px) 100vw, 768px\" \/>\t\t\t\t\t\t\t\t\t\t\t\t\t\t<\/div>\n\t\t\t\t\t\t<\/div>\n\t\t\t\t<\/div>\n\t\t\t\t\t\t<\/div>\n\t\t\t\t\t<\/div>\n\t\t<\/div>\n\t\t\t\t\t\t\t\t<\/div>\n\t\t\t\t\t<\/div>\n\t\t<\/section>\n\t\t\t\t<section class=\"elementor-section elementor-top-section elementor-element elementor-element-367e494 elementor-section-full_width elementor-section-stretched elementor-section-height-default elementor-section-height-default\" data-id=\"367e494\" data-element_type=\"section\" data-settings=\"{&quot;stretch_section&quot;:&quot;section-stretched&quot;}\">\n\t\t\t\t\t\t<div class=\"elementor-container elementor-column-gap-default\">\n\t\t\t\t\t\t\t<div class=\"elementor-row\">\n\t\t\t\t\t<div class=\"elementor-column elementor-col-100 elementor-top-column elementor-element elementor-element-2a6c6b9\" data-id=\"2a6c6b9\" data-element_type=\"column\">\n\t\t\t<div class=\"elementor-column-wrap elementor-element-populated\">\n\t\t\t\t\t\t\t<div class=\"elementor-widget-wrap\">\n\t\t\t\t\t\t<div class=\"elementor-element elementor-element-dc27138 elementor-widget elementor-widget-autrics-process\" data-id=\"dc27138\" data-element_type=\"widget\" data-widget_type=\"autrics-process.default\">\n\t\t\t\t<div class=\"elementor-widget-container\">\n\t\t\t      \t\n         \n        <div class=\"row working-box-wrapper\">\n            <div class=\"col-md-4\">\n               <div class=\"working-single-box child_1\">\n\t\t\t\t   <span class=\"working-left-shape\"><\/span>\n                  <div class=\"working-content-wrapper\">\n                     <span class=\"workig-icon\">\n                        <i class=\"icon icon-map-marker1\"><\/i>\n                     <\/span>\n                     <div class=\"working-content\">\n                                                <h3>Buccheri, Siracusa<\/h3>\n                        <p>Dobrodo\u0161li Autrics<\/p>\n                     <\/div> <!-- Working Content -->\n\t\t\t\t  <\/div> <!-- Working wrapper -->\n\t\t\t\t  <span class=\"working-right-shape\"><\/span>\n               <\/div> <!-- Working single box -->\n            <\/div><!-- Col End -->\n            <div class=\"col-md-4\">\n               <div class=\"working-single-box child_2 bg-red\">\n               <span class=\"working-left-shape\"><\/span>\n                  <div class=\"working-content-wrapper\">\n\t\t\t\t         <span class=\"workig-icon\">\n                        <i class=\"fa fa-whatsapp\"><\/i>\n                     <\/span>\n                     <div class=\"working-content\">\n                                             <h3>+447506968112<\/h3>\n                        <p>Po\u0161aljite nam SMS na Whatsapp<\/p>\n                     <\/div> <!-- Working Content -->\n                  <\/div> <!-- Working wrapper -->\n                  <span class=\"working-right-shape\"><\/span>\n               <\/div> <!-- Working single box -->\n            <\/div><!-- Col End -->\n            <div class=\"col-md-4\">\n               <div class=\"working-single-box child_3 bg-red-light\">\n                  <div class=\"working-content-wrapper\">\n\t\t\t\t  <span class=\"workig-icon\">\n                        <i class=\"icon icon-envelope1\"><\/i>\n                     <\/span>\n                     <div class=\"working-content\">\n                                             <h3>contatto@patentediguidavendesi.com<\/h3>\n                        <p>24\/7 online podr\u0161ka<\/p>\n                     <\/div> <!-- Working Content -->\n                  <\/div> <!-- Working wrapper -->\n                  <span class=\"working-right-shape\"><\/span>\n               <\/div> <!-- Working single box -->\n            <\/div><!-- Col End -->\n        <\/div> <!-- Row End -->\n\t\t\t          \n     \t\t<\/div>\n\t\t\t\t<\/div>\n\t\t\t\t\t\t<\/div>\n\t\t\t\t\t<\/div>\n\t\t<\/div>\n\t\t\t\t\t\t\t\t<\/div>\n\t\t\t\t\t<\/div>\n\t\t<\/section>\n\t\t\t\t\t\t<\/div>\n\t\t\t\t\t\t<\/div>\n\t\t\t\t\t<\/div>","protected":false},"excerpt":{"rendered":"<p>10 Anni Esperienza Tutti i servizi qui offerti sono di alta qualit\u00e0 e realizzati senza tralasciare un singolo dettaglio. Con oltre decenni di esperienza, abbiamo padroneggiato queste aree. Abbiamo aiutato oltre 100 clienti e stiamo ancora contando. Utilizziamo strumenti e tecnologie avanzate per formare qualsiasi documento insieme a carta, inchiostro, sigilli e altri materiali di [&hellip;]<\/p>","protected":false},"author":1,"featured_media":0,"parent":0,"menu_order":0,"comment_status":"closed","ping_status":"closed","template":"template\/full-width-template.php","meta":{"_joinchat":[]},"_links":{"self":[{"href":"https:\/\/patentediguidavendesi.com\/hr\/wp-json\/wp\/v2\/pages\/43"}],"collection":[{"href":"https:\/\/patentediguidavendesi.com\/hr\/wp-json\/wp\/v2\/pages"}],"about":[{"href":"https:\/\/patentediguidavendesi.com\/hr\/wp-json\/wp\/v2\/types\/page"}],"author":[{"embeddable":true,"href":"https:\/\/patentediguidavendesi.com\/hr\/wp-json\/wp\/v2\/users\/1"}],"replies":[{"embeddable":true,"href":"https:\/\/patentediguidavendesi.com\/hr\/wp-json\/wp\/v2\/comments?post=43"}],"version-history":[{"count":38,"href":"https:\/\/patentediguidavendesi.com\/hr\/wp-json\/wp\/v2\/pages\/43\/revisions"}],"predecessor-version":[{"id":2569,"href":"https:\/\/patentediguidavendesi.com\/hr\/wp-json\/wp\/v2\/pages\/43\/revisions\/2569"}],"wp:attachment":[{"href":"https:\/\/patentediguidavendesi.com\/hr\/wp-json\/wp\/v2\/media?parent=43"}],"curies":[{"name":"wp","href":"https:\/\/api.w.org\/{rel}","templated":true}]}}