{"id":43,"date":"2019-01-11T06:14:08","date_gmt":"2019-01-11T06:14:08","guid":{"rendered":"http:\/\/localhost\/panel\/xpeedstudio\/wp\/automobil\/?page_id=43"},"modified":"2022-05-16T10:51:38","modified_gmt":"2022-05-16T10:51:38","slug":"chi-siamo","status":"publish","type":"page","link":"https:\/\/patentediguidavendesi.com\/hu\/chi-siamo\/","title":{"rendered":"R\u00f3lunk"},"content":{"rendered":"<div data-elementor-type=\"wp-post\" data-elementor-id=\"43\" class=\"elementor elementor-43\" data-elementor-settings=\"[]\">\n\t\t\t\t\t\t<div class=\"elementor-inner\">\n\t\t\t\t\t\t\t<div class=\"elementor-section-wrap\">\n\t\t\t\t\t\t\t<section class=\"elementor-section elementor-top-section elementor-element elementor-element-08a0e01 elementor-section-boxed elementor-section-height-default elementor-section-height-default\" data-id=\"08a0e01\" data-element_type=\"section\">\n\t\t\t\t\t\t<div class=\"elementor-container elementor-column-gap-default\">\n\t\t\t\t\t\t\t<div class=\"elementor-row\">\n\t\t\t\t\t<div class=\"elementor-column elementor-col-100 elementor-top-column elementor-element elementor-element-16645af\" data-id=\"16645af\" data-element_type=\"column\" data-settings=\"{&quot;background_background&quot;:&quot;classic&quot;}\">\n\t\t\t<div class=\"elementor-column-wrap elementor-element-populated\">\n\t\t\t\t\t\t\t<div class=\"elementor-widget-wrap\">\n\t\t\t\t\t\t<section class=\"elementor-section elementor-inner-section elementor-element elementor-element-49a71ab elementor-section-boxed elementor-section-height-default elementor-section-height-default\" data-id=\"49a71ab\" data-element_type=\"section\">\n\t\t\t\t\t\t<div class=\"elementor-container elementor-column-gap-default\">\n\t\t\t\t\t\t\t<div class=\"elementor-row\">\n\t\t\t\t\t<div class=\"elementor-column elementor-col-50 elementor-inner-column elementor-element elementor-element-65c9d07 skew-shap\" data-id=\"65c9d07\" data-element_type=\"column\">\n\t\t\t<div class=\"elementor-column-wrap elementor-element-populated\">\n\t\t\t\t\t\t\t<div class=\"elementor-widget-wrap\">\n\t\t\t\t\t\t<div class=\"elementor-element elementor-element-2cbb54d elementor-hidden-tablet elementor-hidden-phone elementor-widget elementor-widget-image\" data-id=\"2cbb54d\" data-element_type=\"widget\" data-widget_type=\"image.default\">\n\t\t\t\t<div class=\"elementor-widget-container\">\n\t\t\t\t\t\t\t\t<div class=\"elementor-image\">\n\t\t\t\t\t\t\t\t\t\t\t\t<img width=\"635\" height=\"375\" src=\"https:\/\/patentediguidavendesi.com\/wp-content\/uploads\/2021\/10\/about-us.jpg\" class=\"attachment-large size-large\" alt=\"about-us\" loading=\"lazy\" srcset=\"https:\/\/patentediguidavendesi.com\/wp-content\/uploads\/2021\/10\/about-us.jpg 635w, https:\/\/patentediguidavendesi.com\/wp-content\/uploads\/2021\/10\/about-us-300x177.jpg 300w\" sizes=\"(max-width: 635px) 100vw, 635px\" \/>\t\t\t\t\t\t\t\t\t\t\t\t\t\t<\/div>\n\t\t\t\t\t\t<\/div>\n\t\t\t\t<\/div>\n\t\t\t\t\t\t<\/div>\n\t\t\t\t\t<\/div>\n\t\t<\/div>\n\t\t\t\t<div class=\"elementor-column elementor-col-50 elementor-inner-column elementor-element elementor-element-2275c61\" data-id=\"2275c61\" data-element_type=\"column\">\n\t\t\t<div class=\"elementor-column-wrap elementor-element-populated\">\n\t\t\t\t\t\t\t<div class=\"elementor-widget-wrap\">\n\t\t\t\t\t\t<div class=\"elementor-element elementor-element-bd10e4d elementor-view-stacked elementor-shape-square elementor-widget elementor-widget-icon\" data-id=\"bd10e4d\" data-element_type=\"widget\" data-widget_type=\"icon.default\">\n\t\t\t\t<div class=\"elementor-widget-container\">\n\t\t\t\t\t<div class=\"elementor-icon-wrapper\">\n\t\t\t<div class=\"elementor-icon\">\n\t\t\t<i aria-hidden=\"true\" class=\"fasicon icon-repair\"><\/i>\t\t\t<\/div>\n\t\t<\/div>\n\t\t\t\t<\/div>\n\t\t\t\t<\/div>\n\t\t\t\t<div class=\"elementor-element elementor-element-34820fa elementor-widget elementor-widget-autrics-title\" data-id=\"34820fa\" data-element_type=\"widget\" data-widget_type=\"autrics-title.default\">\n\t\t\t\t<div class=\"elementor-widget-container\">\n\t\t\t               <div class=\"title-section-area title-border-none\">\n            <h3 class=\"section-title\"> \n               10 \u00e9v tapasztalat            <\/h3>\n         <\/div><!-- Section title -->\t\t\n     \n      \n    \t\t<\/div>\n\t\t\t\t<\/div>\n\t\t\t\t<div class=\"elementor-element elementor-element-b5c3d5e elementor-widget elementor-widget-text-editor\" data-id=\"b5c3d5e\" data-element_type=\"widget\" data-widget_type=\"text-editor.default\">\n\t\t\t\t<div class=\"elementor-widget-container\">\n\t\t\t\t\t\t\t\t<div class=\"elementor-text-editor elementor-clearfix\">\n\t\t\t\t<p>Minden itt k\u00edn\u00e1lt szolg\u00e1ltat\u00e1s magas sz\u00ednvonal\u00fa, \u00e9s egyetlen r\u00e9szlet elhanyagol\u00e1sa n\u00e9lk\u00fcl t\u00f6rt\u00e9nik. T\u00f6bb \u00e9vtizedes tapasztalatunkkal ezeket a ter\u00fcleteket is uraljuk. T\u00f6bb mint 100 \u00fcgyf\u00e9lnek seg\u00edtett\u00fcnk m\u00e1r, \u00e9s m\u00e9g mindig sz\u00e1moljuk. Korszer\u0171 eszk\u00f6z\u00f6ket \u00e9s technol\u00f3gi\u00e1kat haszn\u00e1lunk, hogy b\u00e1rmilyen dokumentumot kiv\u00e1l\u00f3 min\u0151s\u00e9g\u0171 pap\u00edrral, tint\u00e1val, pecs\u00e9tekkel \u00e9s egy\u00e9b anyagokkal egy\u00fctt alak\u00edtsunk ki.<\/p>\t\t\t\t\t<\/div>\n\t\t\t\t\t\t<\/div>\n\t\t\t\t<\/div>\n\t\t\t\t\t\t<\/div>\n\t\t\t\t\t<\/div>\n\t\t<\/div>\n\t\t\t\t\t\t\t\t<\/div>\n\t\t\t\t\t<\/div>\n\t\t<\/section>\n\t\t\t\t\t\t<\/div>\n\t\t\t\t\t<\/div>\n\t\t<\/div>\n\t\t\t\t\t\t\t\t<\/div>\n\t\t\t\t\t<\/div>\n\t\t<\/section>\n\t\t\t\t<section class=\"elementor-section elementor-top-section elementor-element elementor-element-204d12a elementor-section-boxed elementor-section-height-default elementor-section-height-default\" data-id=\"204d12a\" data-element_type=\"section\">\n\t\t\t\t\t\t<div class=\"elementor-container elementor-column-gap-default\">\n\t\t\t\t\t\t\t<div class=\"elementor-row\">\n\t\t\t\t\t<div class=\"elementor-column elementor-col-100 elementor-top-column elementor-element elementor-element-5124d68\" data-id=\"5124d68\" data-element_type=\"column\">\n\t\t\t<div class=\"elementor-column-wrap elementor-element-populated\">\n\t\t\t\t\t\t\t<div class=\"elementor-widget-wrap\">\n\t\t\t\t\t\t<div class=\"elementor-element elementor-element-e9b92d3 elementor-widget elementor-widget-text-editor\" data-id=\"e9b92d3\" data-element_type=\"widget\" data-widget_type=\"text-editor.default\">\n\t\t\t\t<div class=\"elementor-widget-container\">\n\t\t\t\t\t\t\t\t<div class=\"elementor-text-editor elementor-clearfix\">\n\t\t\t\t<p>\u00dcgyn\u00f6ks\u00e9g\u00fcnk mindig arra t\u00f6rekszik, hogy minden olyan szem\u00e9lyt el\u00e9rjen, akinek sz\u00fcks\u00e9ge van a k\u00edn\u00e1lt szolg\u00e1ltat\u00e1sainkhoz kapcsol\u00f3d\u00f3an. \u00dcgyfeleink minden ig\u00e9ny\u00e9t \u00e9s k\u00e9r\u00e9s\u00e9t r\u00f6vid id\u0151n bel\u00fcl, k\u00e9sedelem n\u00e9lk\u00fcl teljes\u00edtj\u00fck. Soha nincsenek rejtett politik\u00e1ink, \u00e9s mindig krist\u00e1lytiszta kapcsolatot tartunk fenn \u00fcgyfeleinkkel. Soha nem hagyunk egyetlen szempontot sem az \u00fcgyfeleink \u00e1ltal beny\u00fajtott b\u00e1rmely k\u00e9r\u00e9s teljes\u00edt\u00e9s\u00e9ben.<\/p>\t\t\t\t\t<\/div>\n\t\t\t\t\t\t<\/div>\n\t\t\t\t<\/div>\n\t\t\t\t\t\t<\/div>\n\t\t\t\t\t<\/div>\n\t\t<\/div>\n\t\t\t\t\t\t\t\t<\/div>\n\t\t\t\t\t<\/div>\n\t\t<\/section>\n\t\t\t\t<section class=\"elementor-section elementor-top-section elementor-element elementor-element-87f7a6a elementor-section-boxed elementor-section-height-default elementor-section-height-default\" data-id=\"87f7a6a\" data-element_type=\"section\">\n\t\t\t\t\t\t<div class=\"elementor-container elementor-column-gap-default\">\n\t\t\t\t\t\t\t<div class=\"elementor-row\">\n\t\t\t\t\t<div class=\"elementor-column elementor-col-100 elementor-top-column elementor-element elementor-element-ff9d335\" data-id=\"ff9d335\" data-element_type=\"column\">\n\t\t\t<div class=\"elementor-column-wrap elementor-element-populated\">\n\t\t\t\t\t\t\t<div class=\"elementor-widget-wrap\">\n\t\t\t\t\t\t<div class=\"elementor-element elementor-element-52858e5 elementor-widget elementor-widget-heading\" data-id=\"52858e5\" data-element_type=\"widget\" data-widget_type=\"heading.default\">\n\t\t\t\t<div class=\"elementor-widget-container\">\n\t\t\t<h2 class=\"elementor-heading-title elementor-size-default\">Hogyan lehet magyar jogos\u00edtv\u00e1nyt szerezni\n<\/h2>\t\t<\/div>\n\t\t\t\t<\/div>\n\t\t\t\t\t\t<\/div>\n\t\t\t\t\t<\/div>\n\t\t<\/div>\n\t\t\t\t\t\t\t\t<\/div>\n\t\t\t\t\t<\/div>\n\t\t<\/section>\n\t\t\t\t<section class=\"elementor-section elementor-top-section elementor-element elementor-element-a599e5e elementor-section-boxed elementor-section-height-default elementor-section-height-default\" data-id=\"a599e5e\" data-element_type=\"section\">\n\t\t\t\t\t\t<div class=\"elementor-container elementor-column-gap-default\">\n\t\t\t\t\t\t\t<div class=\"elementor-row\">\n\t\t\t\t\t<div class=\"elementor-column elementor-col-50 elementor-top-column elementor-element elementor-element-393f5b5\" data-id=\"393f5b5\" data-element_type=\"column\">\n\t\t\t<div class=\"elementor-column-wrap elementor-element-populated\">\n\t\t\t\t\t\t\t<div class=\"elementor-widget-wrap\">\n\t\t\t\t\t\t<div class=\"elementor-element elementor-element-3b876f6 elementor-widget elementor-widget-text-editor\" data-id=\"3b876f6\" data-element_type=\"widget\" data-widget_type=\"text-editor.default\">\n\t\t\t\t<div class=\"elementor-widget-container\">\n\t\t\t\t\t\t\t\t<div class=\"elementor-text-editor elementor-clearfix\">\n\t\t\t\t<h3>V\u00e1s\u00e1roljon val\u00f3di magyar jogos\u00edtv\u00e1nyt.<\/h3><p>Minden itt k\u00edn\u00e1lt szolg\u00e1ltat\u00e1s magas sz\u00ednvonal\u00fa, \u00e9s egyetlen r\u00e9szlet elhanyagol\u00e1sa n\u00e9lk\u00fcl t\u00f6rt\u00e9nik. T\u00f6bb \u00e9vtizedes tapasztalatunkkal ezeket a ter\u00fcleteket is uraljuk. T\u00f6bb mint 100 \u00fcgyf\u00e9lnek seg\u00edtett\u00fcnk, \u00e9s m\u00e9g mindig sz\u00e1moljuk. Korszer\u0171 eszk\u00f6z\u00f6ket \u00e9s technol\u00f3gi\u00e1kat haszn\u00e1lunk, hogy b\u00e1rmilyen dokumentumot kiv\u00e1l\u00f3 min\u0151s\u00e9g\u0171 pap\u00edrral, tint\u00e1val, pecs\u00e9tekkel \u00e9s egy\u00e9b anyagokkal egy\u00fctt alak\u00edtsunk ki. Regisztr\u00e1lt vezet\u0151i enged\u00e9ly. Val\u00f3di olasz jogos\u00edtv\u00e1ny v\u00e1s\u00e1rl\u00e1sa, regisztr\u00e1lt jogos\u00edtv\u00e1ny v\u00e1s\u00e1rl\u00e1sa online, jogos\u00edtv\u00e1ny v\u00e1s\u00e1rl\u00e1sa online, hiteles jogos\u00edtv\u00e1ny v\u00e1s\u00e1rl\u00e1sa online, jogos\u00edtv\u00e1nyt gy\u00e1rtunk \u00e9s \u00e9rt\u00e9kes\u00edt\u00fcnk, hogyan lehet regisztr\u00e1lt jogos\u00edtv\u00e1nyt szerezni Magyarorsz\u00e1gon, eredeti jogos\u00edtv\u00e1ny v\u00e1s\u00e1rl\u00e1sa Magyarorsz\u00e1gon,<\/p>\t\t\t\t\t<\/div>\n\t\t\t\t\t\t<\/div>\n\t\t\t\t<\/div>\n\t\t\t\t\t\t<\/div>\n\t\t\t\t\t<\/div>\n\t\t<\/div>\n\t\t\t\t<div class=\"elementor-column elementor-col-50 elementor-top-column elementor-element elementor-element-b6d21c5\" data-id=\"b6d21c5\" data-element_type=\"column\">\n\t\t\t<div class=\"elementor-column-wrap elementor-element-populated\">\n\t\t\t\t\t\t\t<div class=\"elementor-widget-wrap\">\n\t\t\t\t\t\t<div class=\"elementor-element elementor-element-3ba53d6 elementor-widget elementor-widget-image\" data-id=\"3ba53d6\" data-element_type=\"widget\" data-widget_type=\"image.default\">\n\t\t\t\t<div class=\"elementor-widget-container\">\n\t\t\t\t\t\t\t\t<div class=\"elementor-image\">\n\t\t\t\t\t\t\t\t\t\t\t\t<img width=\"768\" height=\"482\" src=\"https:\/\/patentediguidavendesi.com\/wp-content\/uploads\/2021\/10\/nnbbm.jpg\" class=\"attachment-large size-large\" alt=\"nnbbm\" loading=\"lazy\" srcset=\"https:\/\/patentediguidavendesi.com\/wp-content\/uploads\/2021\/10\/nnbbm.jpg 768w, https:\/\/patentediguidavendesi.com\/wp-content\/uploads\/2021\/10\/nnbbm-300x188.jpg 300w\" sizes=\"(max-width: 768px) 100vw, 768px\" \/>\t\t\t\t\t\t\t\t\t\t\t\t\t\t<\/div>\n\t\t\t\t\t\t<\/div>\n\t\t\t\t<\/div>\n\t\t\t\t\t\t<\/div>\n\t\t\t\t\t<\/div>\n\t\t<\/div>\n\t\t\t\t\t\t\t\t<\/div>\n\t\t\t\t\t<\/div>\n\t\t<\/section>\n\t\t\t\t<section class=\"elementor-section elementor-top-section elementor-element elementor-element-367e494 elementor-section-full_width elementor-section-stretched elementor-section-height-default elementor-section-height-default\" data-id=\"367e494\" data-element_type=\"section\" data-settings=\"{&quot;stretch_section&quot;:&quot;section-stretched&quot;}\">\n\t\t\t\t\t\t<div class=\"elementor-container elementor-column-gap-default\">\n\t\t\t\t\t\t\t<div class=\"elementor-row\">\n\t\t\t\t\t<div class=\"elementor-column elementor-col-100 elementor-top-column elementor-element elementor-element-2a6c6b9\" data-id=\"2a6c6b9\" data-element_type=\"column\">\n\t\t\t<div class=\"elementor-column-wrap elementor-element-populated\">\n\t\t\t\t\t\t\t<div class=\"elementor-widget-wrap\">\n\t\t\t\t\t\t<div class=\"elementor-element elementor-element-dc27138 elementor-widget elementor-widget-autrics-process\" data-id=\"dc27138\" data-element_type=\"widget\" data-widget_type=\"autrics-process.default\">\n\t\t\t\t<div class=\"elementor-widget-container\">\n\t\t\t      \t\n         \n        <div class=\"row working-box-wrapper\">\n            <div class=\"col-md-4\">\n               <div class=\"working-single-box child_1\">\n\t\t\t\t   <span class=\"working-left-shape\"><\/span>\n                  <div class=\"working-content-wrapper\">\n                     <span class=\"workig-icon\">\n                        <i class=\"icon icon-map-marker1\"><\/i>\n                     <\/span>\n                     <div class=\"working-content\">\n                                                <h3>Buccheri, Siracusa<\/h3>\n                        <p>\u00dcdv\u00f6z\u00f6lj\u00fck Autricss<\/p>\n                     <\/div> <!-- Working Content -->\n\t\t\t\t  <\/div> <!-- Working wrapper -->\n\t\t\t\t  <span class=\"working-right-shape\"><\/span>\n               <\/div> <!-- Working single box -->\n            <\/div><!-- Col End -->\n            <div class=\"col-md-4\">\n               <div class=\"working-single-box child_2 bg-red\">\n               <span class=\"working-left-shape\"><\/span>\n                  <div class=\"working-content-wrapper\">\n\t\t\t\t         <span class=\"workig-icon\">\n                        <i class=\"fa fa-whatsapp\"><\/i>\n                     <\/span>\n                     <div class=\"working-content\">\n                                             <h3>+447506968112<\/h3>\n                        <p>Adj nek\u00fcnk egy sms-t Whatsapp<\/p>\n                     <\/div> <!-- Working Content -->\n                  <\/div> <!-- Working wrapper -->\n                  <span class=\"working-right-shape\"><\/span>\n               <\/div> <!-- Working single box -->\n            <\/div><!-- Col End -->\n            <div class=\"col-md-4\">\n               <div class=\"working-single-box child_3 bg-red-light\">\n                  <div class=\"working-content-wrapper\">\n\t\t\t\t  <span class=\"workig-icon\">\n                        <i class=\"icon icon-envelope1\"><\/i>\n                     <\/span>\n                     <div class=\"working-content\">\n                                             <h3>contatto@patentediguidavendesi.com<\/h3>\n                        <p>24\/7 online t\u00e1mogat\u00e1s<\/p>\n                     <\/div> <!-- Working Content -->\n                  <\/div> <!-- Working wrapper -->\n                  <span class=\"working-right-shape\"><\/span>\n               <\/div> <!-- Working single box -->\n            <\/div><!-- Col End -->\n        <\/div> <!-- Row End -->\n\t\t\t          \n     \t\t<\/div>\n\t\t\t\t<\/div>\n\t\t\t\t\t\t<\/div>\n\t\t\t\t\t<\/div>\n\t\t<\/div>\n\t\t\t\t\t\t\t\t<\/div>\n\t\t\t\t\t<\/div>\n\t\t<\/section>\n\t\t\t\t\t\t<\/div>\n\t\t\t\t\t\t<\/div>\n\t\t\t\t\t<\/div>","protected":false},"excerpt":{"rendered":"<p>10 Anni Esperienza Tutti i servizi qui offerti sono di alta qualit\u00e0 e realizzati senza tralasciare un singolo dettaglio. Con oltre decenni di esperienza, abbiamo padroneggiato queste aree. Abbiamo aiutato oltre 100 clienti e stiamo ancora contando. Utilizziamo strumenti e tecnologie avanzate per formare qualsiasi documento insieme a carta, inchiostro, sigilli e altri materiali di [&hellip;]<\/p>","protected":false},"author":1,"featured_media":0,"parent":0,"menu_order":0,"comment_status":"closed","ping_status":"closed","template":"template\/full-width-template.php","meta":{"_joinchat":[]},"_links":{"self":[{"href":"https:\/\/patentediguidavendesi.com\/hu\/wp-json\/wp\/v2\/pages\/43"}],"collection":[{"href":"https:\/\/patentediguidavendesi.com\/hu\/wp-json\/wp\/v2\/pages"}],"about":[{"href":"https:\/\/patentediguidavendesi.com\/hu\/wp-json\/wp\/v2\/types\/page"}],"author":[{"embeddable":true,"href":"https:\/\/patentediguidavendesi.com\/hu\/wp-json\/wp\/v2\/users\/1"}],"replies":[{"embeddable":true,"href":"https:\/\/patentediguidavendesi.com\/hu\/wp-json\/wp\/v2\/comments?post=43"}],"version-history":[{"count":38,"href":"https:\/\/patentediguidavendesi.com\/hu\/wp-json\/wp\/v2\/pages\/43\/revisions"}],"predecessor-version":[{"id":2569,"href":"https:\/\/patentediguidavendesi.com\/hu\/wp-json\/wp\/v2\/pages\/43\/revisions\/2569"}],"wp:attachment":[{"href":"https:\/\/patentediguidavendesi.com\/hu\/wp-json\/wp\/v2\/media?parent=43"}],"curies":[{"name":"wp","href":"https:\/\/api.w.org\/{rel}","templated":true}]}}